{"id":1291,"date":"2024-07-23T12:56:31","date_gmt":"2024-07-23T09:56:31","guid":{"rendered":"http:\/\/kennelabsidian.com\/?page_id=1291"},"modified":"2025-11-13T10:48:15","modified_gmt":"2025-11-13T08:48:15","slug":"emased","status":"publish","type":"page","link":"http:\/\/www.kennelabsidian.com\/en\/emased\/","title":{"rendered":"Females"},"content":{"rendered":"<div class=\"wp-block-media-text alignwide is-stacked-on-mobile\"><figure class=\"wp-block-media-text__media\"><img loading=\"lazy\" decoding=\"async\" width=\"1024\" height=\"1024\" src=\"http:\/\/kennelabsidian.com\/wp-content\/uploads\/2022\/03\/photo.b169be9a2502c755-1-1024x1024.jpg\" alt=\"\" class=\"wp-image-1465 size-full\" srcset=\"http:\/\/www.kennelabsidian.com\/wp-content\/uploads\/2022\/03\/photo.b169be9a2502c755-1.jpg 1024w, http:\/\/www.kennelabsidian.com\/wp-content\/uploads\/2022\/03\/photo.b169be9a2502c755-1-300x300.jpg 300w, http:\/\/www.kennelabsidian.com\/wp-content\/uploads\/2022\/03\/photo.b169be9a2502c755-1-150x150.jpg 150w, http:\/\/www.kennelabsidian.com\/wp-content\/uploads\/2022\/03\/photo.b169be9a2502c755-1-768x768.jpg 768w, http:\/\/www.kennelabsidian.com\/wp-content\/uploads\/2022\/03\/photo.b169be9a2502c755-1-100x100.jpg 100w\" sizes=\"auto, (max-width: 1024px) 100vw, 1024px\" \/><\/figure><div class=\"wp-block-media-text__content\">\n<p style=\"font-size:clamp(14px, 0.875rem + ((1vw - 3.2px) * 0.296), 17px);px\"><strong>Absoliuti Idile Kleopatra \"Shelby\"<\/strong><br>DOB: 26.10.2017<br>Estonian junior champion<br>Latvian junior champion<br>Lithuanian junior champion<br>Baltic junior champion<br>Estonian champion<br>Latvian champion<br>Lithuanian champion<br>Baltic champion <br>Finnish champion<br>Tallinn junior winner 2019 <br>Tallinn junior WinterCup winner 2019<br>Baltic winner 2021<\/p>\n<\/div><\/div>\n\n\n\n<div class=\"wp-block-media-text alignwide is-stacked-on-mobile\"><figure class=\"wp-block-media-text__media\"><img loading=\"lazy\" decoding=\"async\" width=\"1024\" height=\"663\" src=\"http:\/\/www.kennelabsidian.com\/wp-content\/uploads\/2021\/05\/lotte-1024x663.jpg\" alt=\"\" class=\"wp-image-1399 size-full\" srcset=\"http:\/\/www.kennelabsidian.com\/wp-content\/uploads\/2021\/05\/lotte-1024x663.jpg 1024w, http:\/\/www.kennelabsidian.com\/wp-content\/uploads\/2021\/05\/lotte-300x194.jpg 300w, http:\/\/www.kennelabsidian.com\/wp-content\/uploads\/2021\/05\/lotte-768x497.jpg 768w, http:\/\/www.kennelabsidian.com\/wp-content\/uploads\/2021\/05\/lotte-1536x995.jpg 1536w, http:\/\/www.kennelabsidian.com\/wp-content\/uploads\/2021\/05\/lotte-2048x1327.jpg 2048w\" sizes=\"auto, (max-width: 1024px) 100vw, 1024px\" \/><\/figure><div class=\"wp-block-media-text__content\">\n<p style=\"font-size:clamp(14px, 0.875rem + ((1vw - 3.2px) * 0.296), 17px);px\"><strong>Absoliuti Idile Leyah \"Lotte\"<\/strong><br>DOB: 01.05.2018<br>Top whippet 3rd in Estonia 2019<br>Estonian junior champion<br>Latvian junior champion<br>Lithuanian junior champion<br>Baltic junior champion<br>Estonian champion<br>Latvian champion<br>Lithuanian champion<br>Baltic champion <\/p>\n<\/div><\/div>\n\n\n\n<div class=\"wp-block-media-text alignwide is-stacked-on-mobile\"><figure class=\"wp-block-media-text__media\"><img loading=\"lazy\" decoding=\"async\" width=\"1024\" height=\"670\" src=\"http:\/\/kennelabsidian.com\/wp-content\/uploads\/2023\/04\/DSC_6270-1024x670.jpg\" alt=\"\" class=\"wp-image-1571 size-full\" srcset=\"http:\/\/www.kennelabsidian.com\/wp-content\/uploads\/2023\/04\/DSC_6270-1024x670.jpg 1024w, http:\/\/www.kennelabsidian.com\/wp-content\/uploads\/2023\/04\/DSC_6270-300x196.jpg 300w, http:\/\/www.kennelabsidian.com\/wp-content\/uploads\/2023\/04\/DSC_6270-768x502.jpg 768w, http:\/\/www.kennelabsidian.com\/wp-content\/uploads\/2023\/04\/DSC_6270-1536x1004.jpg 1536w, http:\/\/www.kennelabsidian.com\/wp-content\/uploads\/2023\/04\/DSC_6270-350x230.jpg 350w, http:\/\/www.kennelabsidian.com\/wp-content\/uploads\/2023\/04\/DSC_6270-850x556.jpg 850w, http:\/\/www.kennelabsidian.com\/wp-content\/uploads\/2023\/04\/DSC_6270.jpg 2048w\" sizes=\"auto, (max-width: 1024px) 100vw, 1024px\" \/><\/figure><div class=\"wp-block-media-text__content\">\n<p><\/p>\n\n\n\n<p style=\"font-size:clamp(14px, 0.875rem + ((1vw - 3.2px) * 0.296), 17px);px\"><strong>Absidian Absolute Masterpiece &#8220;Ruby&#8221;<\/strong><br>DOB: 03.07.2020<br>Estonian junior champion<br>Latvian junior champion<br>Lithuanian junior champion<br>Baltic junior champion<br>Estonian champion<br>Latvian champion <br>Finnish champion<br>Baltic junior winner 2021<br><br><\/p>\n<\/div><\/div>\n\n\n\n<div class=\"wp-block-media-text alignwide is-stacked-on-mobile\"><figure class=\"wp-block-media-text__media\"><img loading=\"lazy\" decoding=\"async\" width=\"1024\" height=\"725\" src=\"http:\/\/kennelabsidian.com\/wp-content\/uploads\/2023\/11\/DSC_3436-1024x725.jpg\" alt=\"\" class=\"wp-image-1645 size-full\" srcset=\"http:\/\/www.kennelabsidian.com\/wp-content\/uploads\/2023\/11\/DSC_3436-1024x725.jpg 1024w, http:\/\/www.kennelabsidian.com\/wp-content\/uploads\/2023\/11\/DSC_3436-300x212.jpg 300w, http:\/\/www.kennelabsidian.com\/wp-content\/uploads\/2023\/11\/DSC_3436-768x543.jpg 768w, http:\/\/www.kennelabsidian.com\/wp-content\/uploads\/2023\/11\/DSC_3436-1536x1087.jpg 1536w, http:\/\/www.kennelabsidian.com\/wp-content\/uploads\/2023\/11\/DSC_3436-850x601.jpg 850w, http:\/\/www.kennelabsidian.com\/wp-content\/uploads\/2023\/11\/DSC_3436.jpg 2048w\" sizes=\"auto, (max-width: 1024px) 100vw, 1024px\" \/><\/figure><div class=\"wp-block-media-text__content\">\n<p style=\"font-size:clamp(14px, 0.875rem + ((1vw - 3.2px) * 0.296), 17px);px\"><strong>Absoliuti Idile Pure Tonka Bean &#8220;Sarah&#8221;<\/strong><br>DOB: 04.09.2020<br>Estonian junior champion<br>Estonian champion<\/p>\n<\/div><\/div>\n\n\n\n<div class=\"wp-block-media-text alignwide is-stacked-on-mobile\"><figure class=\"wp-block-media-text__media\"><img loading=\"lazy\" decoding=\"async\" width=\"1024\" height=\"768\" src=\"http:\/\/kennelabsidian.com\/wp-content\/uploads\/2022\/09\/photo.a5036ff3cbbdaa05.jpg\" alt=\"\" class=\"wp-image-1517 size-full\" srcset=\"http:\/\/www.kennelabsidian.com\/wp-content\/uploads\/2022\/09\/photo.a5036ff3cbbdaa05.jpg 1024w, http:\/\/www.kennelabsidian.com\/wp-content\/uploads\/2022\/09\/photo.a5036ff3cbbdaa05-300x225.jpg 300w, http:\/\/www.kennelabsidian.com\/wp-content\/uploads\/2022\/09\/photo.a5036ff3cbbdaa05-768x576.jpg 768w\" sizes=\"auto, (max-width: 1024px) 100vw, 1024px\" \/><\/figure><div class=\"wp-block-media-text__content\">\n<p style=\"font-size:clamp(14px, 0.875rem + ((1vw - 3.2px) * 0.296), 17px);px\"><strong>Absidian Black Swan &#8220;Beili&#8221;<\/strong><br>DOB: 02.02.2021<br>BEST IN FIELD<br>Estonian junior champion<br>Lithuanian junior champion<br>Estonian lure coursing champion<br>Latvian lure coursing champion<br>Lithuanian lure coursing champion<br>Finnish lure coursing champion<br>Swedish lure coursing champion<\/p>\n<\/div><\/div>\n\n\n\n<div class=\"wp-block-media-text alignwide is-stacked-on-mobile\"><figure class=\"wp-block-media-text__media\"><img loading=\"lazy\" decoding=\"async\" width=\"1024\" height=\"741\" src=\"http:\/\/kennelabsidian.com\/wp-content\/uploads\/2022\/03\/cleopatra-1.jpg\" alt=\"\" class=\"wp-image-1480 size-full\" srcset=\"http:\/\/www.kennelabsidian.com\/wp-content\/uploads\/2022\/03\/cleopatra-1.jpg 1024w, http:\/\/www.kennelabsidian.com\/wp-content\/uploads\/2022\/03\/cleopatra-1-300x217.jpg 300w, http:\/\/www.kennelabsidian.com\/wp-content\/uploads\/2022\/03\/cleopatra-1-768x556.jpg 768w\" sizes=\"auto, (max-width: 1024px) 100vw, 1024px\" \/><\/figure><div class=\"wp-block-media-text__content\">\n<p style=\"font-size:clamp(14px, 0.875rem + ((1vw - 3.2px) * 0.296), 17px);px\"><strong>Absidian Cleopatras Legacy &#8220;Ciri&#8221;<\/strong><br>DOB: 09.06.2021<br>Estonian junior champion<br>Estonian champion<\/p>\n<\/div><\/div>\n\n\n\n<div class=\"wp-block-media-text alignwide is-stacked-on-mobile\"><figure class=\"wp-block-media-text__media\"><img loading=\"lazy\" decoding=\"async\" width=\"1024\" height=\"686\" src=\"https:\/\/kennelabsidian.com\/wp-content\/uploads\/2024\/08\/DSC_4860_1-1024x686.jpg\" alt=\"\" class=\"wp-image-1774 size-full\" srcset=\"http:\/\/www.kennelabsidian.com\/wp-content\/uploads\/2024\/08\/DSC_4860_1-1024x686.jpg 1024w, http:\/\/www.kennelabsidian.com\/wp-content\/uploads\/2024\/08\/DSC_4860_1-300x201.jpg 300w, http:\/\/www.kennelabsidian.com\/wp-content\/uploads\/2024\/08\/DSC_4860_1-768x515.jpg 768w, http:\/\/www.kennelabsidian.com\/wp-content\/uploads\/2024\/08\/DSC_4860_1-1536x1029.jpg 1536w, http:\/\/www.kennelabsidian.com\/wp-content\/uploads\/2024\/08\/DSC_4860_1.jpg 2048w\" sizes=\"auto, (max-width: 1024px) 100vw, 1024px\" \/><\/figure><div class=\"wp-block-media-text__content\">\n<p style=\"font-size:clamp(14px, 0.875rem + ((1vw - 3.2px) * 0.296), 17px);\"><strong>Absidian Endless Spirit Of Life<\/strong> <strong>&#8220;Hera&#8221;<\/strong><br>DOB: 03.08.2023<br>Estonian junior champion<\/p>\n<\/div><\/div>\n\n\n\n<div class=\"wp-block-media-text alignwide is-stacked-on-mobile\"><figure class=\"wp-block-media-text__media\"><img loading=\"lazy\" decoding=\"async\" width=\"1024\" height=\"756\" src=\"http:\/\/kennelabsidian.com\/wp-content\/uploads\/2023\/11\/397897023_7565889173427704_1823034196847196367_n-1024x756.jpg\" alt=\"\" class=\"wp-image-1648 size-full\" srcset=\"http:\/\/www.kennelabsidian.com\/wp-content\/uploads\/2023\/11\/397897023_7565889173427704_1823034196847196367_n-1024x756.jpg 1024w, http:\/\/www.kennelabsidian.com\/wp-content\/uploads\/2023\/11\/397897023_7565889173427704_1823034196847196367_n-300x221.jpg 300w, http:\/\/www.kennelabsidian.com\/wp-content\/uploads\/2023\/11\/397897023_7565889173427704_1823034196847196367_n-768x567.jpg 768w, http:\/\/www.kennelabsidian.com\/wp-content\/uploads\/2023\/11\/397897023_7565889173427704_1823034196847196367_n-850x627.jpg 850w, http:\/\/www.kennelabsidian.com\/wp-content\/uploads\/2023\/11\/397897023_7565889173427704_1823034196847196367_n.jpg 1080w\" sizes=\"auto, (max-width: 1024px) 100vw, 1024px\" \/><\/figure><div class=\"wp-block-media-text__content\">\n<p style=\"font-size:clamp(14px, 0.875rem + ((1vw - 3.2px) * 0.296), 17px);\"><strong>Absidian Forever In Harmony<\/strong> <strong>&#8220;Mona&#8221;<\/strong><br>DOB: 03.09.2023<\/p>\n<\/div><\/div>\n\n\n\n<div class=\"wp-block-media-text alignwide is-stacked-on-mobile\"><figure class=\"wp-block-media-text__media\"><img loading=\"lazy\" decoding=\"async\" width=\"1024\" height=\"697\" src=\"https:\/\/kennelabsidian.com\/wp-content\/uploads\/2024\/08\/DSC_3836_1-1024x697.jpg\" alt=\"\" class=\"wp-image-1775 size-full\" srcset=\"http:\/\/www.kennelabsidian.com\/wp-content\/uploads\/2024\/08\/DSC_3836_1-1024x697.jpg 1024w, http:\/\/www.kennelabsidian.com\/wp-content\/uploads\/2024\/08\/DSC_3836_1-300x204.jpg 300w, http:\/\/www.kennelabsidian.com\/wp-content\/uploads\/2024\/08\/DSC_3836_1-768x522.jpg 768w, http:\/\/www.kennelabsidian.com\/wp-content\/uploads\/2024\/08\/DSC_3836_1-1536x1045.jpg 1536w, http:\/\/www.kennelabsidian.com\/wp-content\/uploads\/2024\/08\/DSC_3836_1.jpg 2048w\" sizes=\"auto, (max-width: 1024px) 100vw, 1024px\" \/><\/figure><div class=\"wp-block-media-text__content\">\n<p style=\"font-size:clamp(14px, 0.875rem + ((1vw - 3.2px) * 0.296), 17px);\"><strong>Absidian Glorious Hestia<\/strong><br>DOB: 17.01.2024<br>Hurtade erin\u00e4ituse BIS beebi<br>Hurtade erin\u00e4ituse BIS kutsikas<br>Estonian junior champion<br>Latvian junior champion<br>Lithuanian junior champion<br>Baltic junior champion<br><\/p>\n<\/div><\/div>\n\n\n\n<div class=\"wp-block-media-text is-stacked-on-mobile\"><figure class=\"wp-block-media-text__media\"><img loading=\"lazy\" decoding=\"async\" width=\"1024\" height=\"683\" src=\"https:\/\/kennelabsidian.com\/wp-content\/uploads\/2025\/11\/582056776_829270563080971_5161148635461623607_n-1024x683.jpg\" alt=\"\" class=\"wp-image-1845 size-full\" srcset=\"http:\/\/www.kennelabsidian.com\/wp-content\/uploads\/2025\/11\/582056776_829270563080971_5161148635461623607_n-1024x683.jpg 1024w, http:\/\/www.kennelabsidian.com\/wp-content\/uploads\/2025\/11\/582056776_829270563080971_5161148635461623607_n-300x200.jpg 300w, http:\/\/www.kennelabsidian.com\/wp-content\/uploads\/2025\/11\/582056776_829270563080971_5161148635461623607_n-768x512.jpg 768w, http:\/\/www.kennelabsidian.com\/wp-content\/uploads\/2025\/11\/582056776_829270563080971_5161148635461623607_n-1536x1024.jpg 1536w, http:\/\/www.kennelabsidian.com\/wp-content\/uploads\/2025\/11\/582056776_829270563080971_5161148635461623607_n.jpg 2048w\" sizes=\"auto, (max-width: 1024px) 100vw, 1024px\" \/><\/figure><div class=\"wp-block-media-text__content\">\n<p style=\"font-size:clamp(14px, 0.875rem + ((1vw - 3.2px) * 0.296), 17px);\"><strong>Absidian Hello Bellatrix Lestrange &#8220;S\u00e4de&#8221;<\/strong><br>DOB: 20.03.2025<br><\/p>\n<\/div><\/div>\n\n\n\n<p><\/p>","protected":false},"excerpt":{"rendered":"<p>Absoliuti Idile Kleopatra &#8220;Shelby&#8221;DOB: 26.10.2017Eesti juuniort\u0161empionL\u00e4ti juuniort\u0161empionLeedu juuniort\u0161empionBalti juuniort\u0161empionEesti t\u0161empionL\u00e4ti t\u0161empionLeedu t\u0161empionBalti t\u0161empion Soome t\u0161empionTallinn junior winner 2019 Tallinn junior WinterCup winner 2019Baltic winner 2021 Absoliuti Idile Leyah &#8220;Lotte&#8221;DOB: 01.05.2018Top whippet 3 Eestis 2019Eesti juuniort\u0161empionL\u00e4ti juuniort\u0161empionLeedu juuniort\u0161empionBalti juuniort\u0161empionEesti t\u0161empionL\u00e4ti t\u0161empionLeedu t\u0161empionBalti t\u0161empion Absidian Absolute Masterpiece &#8220;Ruby&#8221;DOB: 03.07.2020Eesti juuniort\u0161empionL\u00e4ti juuniort\u0161empionLeedu juuniort\u0161empionBalti juuniort\u0161empionEesti t\u0161empionL\u00e4ti t\u0161empion Soome t\u0161empionBaltic [&hellip;]<\/p>","protected":false},"author":1,"featured_media":0,"parent":0,"menu_order":0,"comment_status":"closed","ping_status":"closed","template":"","meta":{"_monsterinsights_skip_tracking":false,"_monsterinsights_sitenote_active":false,"_monsterinsights_sitenote_note":"","_monsterinsights_sitenote_category":0,"footnotes":""},"class_list":["post-1291","page","type-page","status-publish","hentry"],"uagb_featured_image_src":{"full":false,"thumbnail":false,"medium":false,"medium_large":false,"large":false,"rpg_gallery_admin_thumb":false,"rpg_gallery_thumb":false,"1536x1536":false,"2048x2048":false},"uagb_author_info":{"display_name":"kennelabsidian","author_link":"http:\/\/www.kennelabsidian.com\/en\/author\/kennelabsidian\/"},"uagb_comment_info":0,"uagb_excerpt":"Absoliuti Idile Kleopatra &#8220;Shelby&#8221;DOB: 26.10.2017Eesti juuniort\u0161empionL\u00e4ti juuniort\u0161empionLeedu juuniort\u0161empionBalti juuniort\u0161empionEesti t\u0161empionL\u00e4ti t\u0161empionLeedu t\u0161empionBalti t\u0161empion Soome t\u0161empionTallinn junior winner 2019 Tallinn junior WinterCup winner 2019Baltic winner 2021 Absoliuti Idile Leyah &#8220;Lotte&#8221;DOB: 01.05.2018Top whippet 3 Eestis 2019Eesti juuniort\u0161empionL\u00e4ti juuniort\u0161empionLeedu juuniort\u0161empionBalti juuniort\u0161empionEesti t\u0161empionL\u00e4ti t\u0161empionLeedu t\u0161empionBalti t\u0161empion Absidian Absolute Masterpiece &#8220;Ruby&#8221;DOB: 03.07.2020Eesti juuniort\u0161empionL\u00e4ti juuniort\u0161empionLeedu juuniort\u0161empionBalti juuniort\u0161empionEesti t\u0161empionL\u00e4ti t\u0161empion Soome t\u0161empionBaltic&hellip;","_links":{"self":[{"href":"http:\/\/www.kennelabsidian.com\/en\/wp-json\/wp\/v2\/pages\/1291","targetHints":{"allow":["GET"]}}],"collection":[{"href":"http:\/\/www.kennelabsidian.com\/en\/wp-json\/wp\/v2\/pages"}],"about":[{"href":"http:\/\/www.kennelabsidian.com\/en\/wp-json\/wp\/v2\/types\/page"}],"author":[{"embeddable":true,"href":"http:\/\/www.kennelabsidian.com\/en\/wp-json\/wp\/v2\/users\/1"}],"replies":[{"embeddable":true,"href":"http:\/\/www.kennelabsidian.com\/en\/wp-json\/wp\/v2\/comments?post=1291"}],"version-history":[{"count":5,"href":"http:\/\/www.kennelabsidian.com\/en\/wp-json\/wp\/v2\/pages\/1291\/revisions"}],"predecessor-version":[{"id":1846,"href":"http:\/\/www.kennelabsidian.com\/en\/wp-json\/wp\/v2\/pages\/1291\/revisions\/1846"}],"wp:attachment":[{"href":"http:\/\/www.kennelabsidian.com\/en\/wp-json\/wp\/v2\/media?parent=1291"}],"curies":[{"name":"wp","href":"https:\/\/api.w.org\/{rel}","templated":true}]}}