{"id":1297,"date":"2024-07-23T12:56:31","date_gmt":"2024-07-23T09:56:31","guid":{"rendered":"http:\/\/kennelabsidian.com\/?page_id=1297"},"modified":"2024-07-23T12:56:31","modified_gmt":"2024-07-23T09:56:31","slug":"isased","status":"publish","type":"page","link":"https:\/\/www.kennelabsidian.com\/en\/isased\/","title":{"rendered":"Males"},"content":{"rendered":"<div class=\"wp-block-media-text alignwide is-stacked-on-mobile\"><figure class=\"wp-block-media-text__media\"><img loading=\"lazy\" decoding=\"async\" width=\"1024\" height=\"1024\" src=\"http:\/\/kennelabsidian.com\/wp-content\/uploads\/2023\/01\/2023-01-14Parnupodium112291-1024x1024.jpg\" alt=\"\" class=\"wp-image-1555 size-full\" srcset=\"http:\/\/kennelabsidian.com\/wp-content\/uploads\/2023\/01\/2023-01-14Parnupodium112291-1024x1024.jpg 1024w, http:\/\/kennelabsidian.com\/wp-content\/uploads\/2023\/01\/2023-01-14Parnupodium112291-300x300.jpg 300w, http:\/\/kennelabsidian.com\/wp-content\/uploads\/2023\/01\/2023-01-14Parnupodium112291-150x150.jpg 150w, http:\/\/kennelabsidian.com\/wp-content\/uploads\/2023\/01\/2023-01-14Parnupodium112291-768x768.jpg 768w, http:\/\/kennelabsidian.com\/wp-content\/uploads\/2023\/01\/2023-01-14Parnupodium112291-1536x1536.jpg 1536w, http:\/\/kennelabsidian.com\/wp-content\/uploads\/2023\/01\/2023-01-14Parnupodium112291.jpg 2048w, http:\/\/kennelabsidian.com\/wp-content\/uploads\/2023\/01\/2023-01-14Parnupodium112291-850x850.jpg 850w\" sizes=\"auto, (max-width: 1024px) 100vw, 1024px\" \/><\/figure><div class=\"wp-block-media-text__content\">\n<p style=\"font-size:clamp(14px, 0.875rem + ((1vw - 3.2px) * 0.296), 17px);px\"><strong>Absidian Afraid Of Nothing &#8220;Alfie&#8221;<\/strong><br>Estonian junior champion<br>Lithuanian junior champion<br>Estonian champion<\/p>\n<\/div><\/div>\n\n\n\n<div class=\"wp-block-media-text alignwide is-stacked-on-mobile\"><figure class=\"wp-block-media-text__media\"><img loading=\"lazy\" decoding=\"async\" width=\"1024\" height=\"705\" src=\"http:\/\/kennelabsidian.com\/wp-content\/uploads\/2023\/12\/ELMO-1024x705.jpg\" alt=\"\" class=\"wp-image-1656 size-full\" srcset=\"http:\/\/kennelabsidian.com\/wp-content\/uploads\/2023\/12\/ELMO-1024x705.jpg 1024w, http:\/\/kennelabsidian.com\/wp-content\/uploads\/2023\/12\/ELMO-300x207.jpg 300w, http:\/\/kennelabsidian.com\/wp-content\/uploads\/2023\/12\/ELMO-768x529.jpg 768w, http:\/\/kennelabsidian.com\/wp-content\/uploads\/2023\/12\/ELMO-850x585.jpg 850w, http:\/\/kennelabsidian.com\/wp-content\/uploads\/2023\/12\/ELMO.jpg 1274w\" sizes=\"auto, (max-width: 1024px) 100vw, 1024px\" \/><\/figure><div class=\"wp-block-media-text__content\">\n<p style=\"font-size:clamp(14px, 0.875rem + ((1vw - 3.2px) * 0.296), 17px);\"><strong>Esedra Be The Worst Do The Best &#8220;Elmo&#8221;<\/strong><\/p>\n<\/div><\/div>","protected":false},"excerpt":{"rendered":"<p>Absidian Afraid Of Nothing &#8220;Alfie&#8221;Eesti juuniort\u0161empionLeedu juuniort\u0161empionEesti t\u0161empion Esedra Be The Worst Do The Best &#8220;Elmo&#8221;<\/p>","protected":false},"author":1,"featured_media":0,"parent":0,"menu_order":0,"comment_status":"closed","ping_status":"closed","template":"","meta":{"_monsterinsights_skip_tracking":false,"_monsterinsights_sitenote_active":false,"_monsterinsights_sitenote_note":"","_monsterinsights_sitenote_category":0,"footnotes":""},"class_list":["post-1297","page","type-page","status-publish","hentry"],"uagb_featured_image_src":{"full":false,"thumbnail":false,"medium":false,"medium_large":false,"large":false,"rpg_gallery_admin_thumb":false,"rpg_gallery_thumb":false,"1536x1536":false,"2048x2048":false},"uagb_author_info":{"display_name":"kennelabsidian","author_link":"https:\/\/www.kennelabsidian.com\/en\/author\/kennelabsidian\/"},"uagb_comment_info":0,"uagb_excerpt":"Absidian Afraid Of Nothing &#8220;Alfie&#8221;Eesti juuniort\u0161empionLeedu juuniort\u0161empionEesti t\u0161empion Esedra Be The Worst Do The Best &#8220;Elmo&#8221;","_links":{"self":[{"href":"https:\/\/www.kennelabsidian.com\/en\/wp-json\/wp\/v2\/pages\/1297","targetHints":{"allow":["GET"]}}],"collection":[{"href":"https:\/\/www.kennelabsidian.com\/en\/wp-json\/wp\/v2\/pages"}],"about":[{"href":"https:\/\/www.kennelabsidian.com\/en\/wp-json\/wp\/v2\/types\/page"}],"author":[{"embeddable":true,"href":"https:\/\/www.kennelabsidian.com\/en\/wp-json\/wp\/v2\/users\/1"}],"replies":[{"embeddable":true,"href":"https:\/\/www.kennelabsidian.com\/en\/wp-json\/wp\/v2\/comments?post=1297"}],"version-history":[{"count":5,"href":"https:\/\/www.kennelabsidian.com\/en\/wp-json\/wp\/v2\/pages\/1297\/revisions"}],"predecessor-version":[{"id":1657,"href":"https:\/\/www.kennelabsidian.com\/en\/wp-json\/wp\/v2\/pages\/1297\/revisions\/1657"}],"wp:attachment":[{"href":"https:\/\/www.kennelabsidian.com\/en\/wp-json\/wp\/v2\/media?parent=1297"}],"curies":[{"name":"wp","href":"https:\/\/api.w.org\/{rel}","templated":true}]}}